{"id":429,"date":"2017-09-06T08:10:40","date_gmt":"2017-09-06T14:10:40","guid":{"rendered":"http:\/\/elizabethayd.com\/home\/"},"modified":"2018-07-06T13:50:06","modified_gmt":"2018-07-06T19:50:06","slug":"home","status":"publish","type":"page","link":"https:\/\/elizabethayd.com\/en\/","title":{"rendered":"Home"},"content":{"rendered":"<section class=\"l-section wpb_row height_medium width_full\"><div class=\"l-section-h i-cf\"><div class=\"g-cols type_default valign_middle\"><div class=\"vc_col-sm-12 wpb_column vc_column_container\"><div class=\"vc_column-inner\"><div class=\"wpb_wrapper\">\r\n\t<div class=\"wpb_text_column \">\r\n\t\t<div class=\"wpb_wrapper\">\r\n\t\t\t<p>[rev_slider alias=&#8221;principal&#8221;]<\/p>\n\r\n\t\t<\/div>\r\n\t<\/div>\r\n[vc_empty_space height=&#8221;700px&#8221;]<\/div><\/div><\/div><\/div><\/div><\/section><!-- Row Backgrounds --><div class=\"upb_bg_img\" data-ultimate-bg=\"url(https:\/\/elizabethayd.com\/wp-content\/uploads\/2018\/05\/banner_central.jpg)\" data-image-id=\"id^543|url^http:\/\/elizabethayd.com\/wp-content\/uploads\/2018\/05\/banner_central.jpg|caption^null|alt^null|title^banner_central|description^null\" data-ultimate-bg-style=\"vcpb-default\" data-bg-img-repeat=\"no-repeat\" data-bg-img-size=\"cover\" data-bg-img-position=\"\" data-parallx_sense=\"30\" data-bg-override=\"full\" data-bg_img_attach=\"scroll\" data-upb-overlay-color=\"\" data-upb-bg-animation=\"\" data-fadeout=\"\" data-bg-animation=\"left-animation\" data-bg-animation-type=\"h\" data-animation-repeat=\"repeat\" data-fadeout-percentage=\"30\" data-parallax-content=\"\" data-parallax-content-sense=\"30\" data-row-effect-mobile-disable=\"true\" data-img-parallax-mobile-disable=\"false\" data-rtl=\"false\"  data-custom-vc-row=\"\"  data-vc=\"5.1.1\"  data-is_old_vc=\"\"  data-theme-support=\"\"   data-overlay=\"false\" data-overlay-color=\"\" data-overlay-pattern=\"\" data-overlay-pattern-opacity=\"\" data-overlay-pattern-size=\"\"    ><\/div>\n","protected":false},"excerpt":{"rendered":"Facebook Twitter YouTube Instagram EAYD Vzla: (+58) 414 524 76 25 Ctra. Principal Palaciero, C.C. Empresarial Ca\u00f1as Del Golf, Bodega N\u00fam 8 La Piedad, C.P: 3023, Cabudare, Lara, Venezuela. EAYD MX: (+52) 1(81) 1050 0254 Calle Llavale 3304, Colonia Ampliaci\u00f3n Valle Del Mirador CP 66260, Monterrey, N.L., M\u00e9xico.","protected":false},"author":1,"featured_media":0,"parent":0,"menu_order":0,"comment_status":"closed","ping_status":"closed","template":"","meta":{"footnotes":""},"class_list":["post-429","page","type-page","status-publish","hentry"],"_links":{"self":[{"href":"https:\/\/elizabethayd.com\/en\/wp-json\/wp\/v2\/pages\/429","targetHints":{"allow":["GET"]}}],"collection":[{"href":"https:\/\/elizabethayd.com\/en\/wp-json\/wp\/v2\/pages"}],"about":[{"href":"https:\/\/elizabethayd.com\/en\/wp-json\/wp\/v2\/types\/page"}],"author":[{"embeddable":true,"href":"https:\/\/elizabethayd.com\/en\/wp-json\/wp\/v2\/users\/1"}],"replies":[{"embeddable":true,"href":"https:\/\/elizabethayd.com\/en\/wp-json\/wp\/v2\/comments?post=429"}],"version-history":[{"count":6,"href":"https:\/\/elizabethayd.com\/en\/wp-json\/wp\/v2\/pages\/429\/revisions"}],"predecessor-version":[{"id":837,"href":"https:\/\/elizabethayd.com\/en\/wp-json\/wp\/v2\/pages\/429\/revisions\/837"}],"wp:attachment":[{"href":"https:\/\/elizabethayd.com\/en\/wp-json\/wp\/v2\/media?parent=429"}],"curies":[{"name":"wp","href":"https:\/\/api.w.org\/{rel}","templated":true}]}}